{"id":15616,"date":"2017-03-21T17:00:48","date_gmt":"2017-03-21T16:00:48","guid":{"rendered":"http:\/\/diamant-les-bains.fr\/mentions-legales\/"},"modified":"2025-02-04T21:31:43","modified_gmt":"2025-02-04T20:31:43","slug":"mentions-legales","status":"publish","type":"page","link":"https:\/\/diamant-les-bains.fr\/en\/mentions-legales\/","title":{"rendered":"Mentions l\u00e9gales"},"content":{"rendered":"<div class=\"fusion-fullwidth fullwidth-box fusion-builder-row-1 fusion-flex-container nonhundred-percent-fullwidth non-hundred-percent-height-scrolling fond-deco7\" style=\"--awb-border-radius-top-left:0px;--awb-border-radius-top-right:0px;--awb-border-radius-bottom-right:0px;--awb-border-radius-bottom-left:0px;--awb-padding-top:30px;--awb-padding-right:30px;--awb-padding-bottom:30px;--awb-padding-left:30px;--awb-flex-wrap:wrap;\" ><div class=\"fusion-builder-row fusion-row fusion-flex-align-items-flex-start fusion-flex-content-wrap\" style=\"max-width:1216.8px;margin-left: calc(-4% \/ 2 );margin-right: calc(-4% \/ 2 );\"><div class=\"fusion-layout-column fusion_builder_column fusion-builder-column-0 fusion_builder_column_1_1 1_1 fusion-flex-column\" style=\"--awb-bg-color:rgba(255,255,255,0.7);--awb-bg-color-hover:rgba(255,255,255,0.7);--awb-bg-size:cover;--awb-width-large:100%;--awb-margin-top-large:30px;--awb-spacing-right-large:1.92%;--awb-margin-bottom-large:30px;--awb-spacing-left-large:1.92%;--awb-width-medium:100%;--awb-spacing-right-medium:1.92%;--awb-spacing-left-medium:1.92%;--awb-width-small:100%;--awb-spacing-right-small:1.92%;--awb-spacing-left-small:1.92%;\"><div class=\"fusion-column-wrapper fusion-flex-justify-content-flex-start fusion-content-layout-column\"><div class=\"fusion-text fusion-text-1\"><h2 style=\"text-align: center;\"><span style=\"font-style: var(--h1_typography-font-style,normal); font-weight: var(--h1_typography-font-weight); background-color: rgba(255, 255, 255, 0);\">nos<\/span><\/h2>\n<p style=\"text-align: center;\"><span style=\"color: var(--h1_typography-color); font-family: var(--h1_typography-font-family); font-size: var(--h1_typography-font-size); font-style: var(--h1_typography-font-style,normal); font-weight: var(--h1_typography-font-weight); letter-spacing: var(--h1_typography-letter-spacing); background-color: rgba(255, 255, 255, 0);\">Mentions L\u00e9gales<\/span><\/p>\n<\/div><div class=\"fusion-separator\" style=\"align-self: center;margin-left: auto;margin-right: auto;margin-bottom:40px;width:100%;max-width:70px;\"><div class=\"fusion-separator-border sep-single\" style=\"--awb-height:20px;--awb-amount:20px;border-color:#4cb848;border-top-width:1px;\"><\/div><\/div><div class=\"fusion-text fusion-text-2 awb-text-cols fusion-text-columns-3\" style=\"--awb-columns:3;--awb-column-spacing:2em;--awb-column-min-width:100px;\"><h2 class=\"fusion-responsive-typography-calculated\" data-pm-slice=\"1 1 &#091;&#093;\" data-en-clipboard=\"true\" data-fontsize=\"14\" style=\"--fontSize: 14; line-height: 1.29; --minFontSize: 14;\" data-lineheight=\"18.06px\"><span class=\"\">1 &#8211; \u00c9dition du site<\/span><\/h2>\n<div class=\"\"><span class=\"\">En vertu de <\/span><a class=\"\" href=\"https:\/\/www.legifrance.gouv.fr\/affichTexte.do?cidTexte=JORFTEXT000000801164#LEGIARTI000042038977\" rel=\"noreferrer noopener\" rev=\"en_rl_none\"><span class=\"\">l&#8217;article 6 de la loi n\u00b0 2004-575 du 21 juin 2004<\/span><\/a> pour la confiance dans l&#8217;\u00e9conomie num\u00e9rique, il est pr\u00e9cis\u00e9 aux utilisateurs du site internet <a class=\"\" href=\"http:\/\/diamant-les-bains.fr\/\" rev=\"en_rl_none\"><span class=\"\">http:\/\/diamant-les-bains.fr\/<\/span><\/a> l&#8217;identit\u00e9 des diff\u00e9rents intervenants dans le cadre de sa r\u00e9alisation et de son suivi:<\/div>\n<div class=\"\"><\/div>\n<div class=\"\"><b class=\"\"><span class=\"\">Propri\u00e9taire du site : <\/span><\/b><span class=\"\">Diamant les bains SAS &#8211; Contact : <a href=\"mailto:direction@diamantlesbains.com\">direction@diamantlesbains.com<\/a> +596 596 76 40 14 &#8211; Adresse : 92 rue justin roc rond point du n\u00e8g mawon le diamant, 97223, Martinique.<\/span><\/div>\n<div class=\"\"><\/div>\n<div class=\"\"><b class=\"\"><span class=\"\">Identification de l&#8217;entreprise :<\/span><\/b><span class=\"\"> SAS Diamant les bains SAS au capital social de \u20ac &#8211; SIREN : 802 365 314<\/span><span class=\"\"> &#8211; Adresse postale : 92 rue justin roc rond point du n\u00e8g mawon le diamant, 97223, Martinique.<\/span><\/div>\n<div class=\"\"><\/div>\n<div class=\"\"><b class=\"\"><span class=\"\">Directeur de la publication : <\/span><\/b><span class=\"\">&#8211; Contact : Dominique Lisee<\/span><\/div>\n<div class=\"\"><\/div>\n<div class=\"\"><b class=\"\"><span class=\"\">H\u00e9bergeur :<\/span><\/b><span class=\"\"> OVH SAS &#8211; 2 rue Kellermann &#8211; BP 80157 &#8211; 59053 Roubaix Cedex 1 &#8211; T\u00e9l\u00e9phone : 1007<\/span><\/div>\n<div class=\"\"><\/div>\n<div class=\"\"><b class=\"\"><span class=\"\">D\u00e9l\u00e9gu\u00e9 \u00e0 la protection des donn\u00e9es : <\/span><\/b><span class=\"\">&#8211; <a href=\"mailto:direction@diamantlesbains.com\">direction@diamantlesbains.com<\/a><\/span><\/div>\n<div class=\"\"><\/div>\n<div class=\"\"><b class=\"\"><span class=\"\">Autres contributeurs :<\/span><\/b><span class=\"\"> <\/span> Tortue agile : <a class=\"\" href=\"http:\/\/www.tortueagile.fr\/\">www.tortueagile.fr<\/a><\/div>\n<div class=\"\"><\/div>\n<hr class=\"\">\n<h2 class=\"fusion-responsive-typography-calculated\" data-fontsize=\"14\" style=\"--fontSize: 14; line-height: 1.29; --minFontSize: 14;\" data-lineheight=\"18.06px\"><span class=\"\">2 &#8211; Propri\u00e9t\u00e9 intellectuelle et contrefa\u00e7ons.<\/span><\/h2>\n<div class=\"\"><b class=\"\"><span class=\"\">Diamant les bains SAS <\/span><\/b><span class=\"\">est propri\u00e9taire des droits de propri\u00e9t\u00e9 intellectuelle et d\u00e9tient les droits d\u2019usage sur tous les \u00e9l\u00e9ments accessibles sur le site internet, notamment les textes, images, graphismes, logos, vid\u00e9os, architecture, ic\u00f4nes et sons.<\/span><\/div>\n<div class=\"\"><\/div>\n<div class=\"\"><span class=\"\">Toute reproduction, repr\u00e9sentation, modification, publication, adaptation de tout ou partie des \u00e9l\u00e9ments du site, quel que soit le moyen ou le proc\u00e9d\u00e9 utilis\u00e9, est interdite, sauf autorisation \u00e9crite pr\u00e9alable de <\/span><b class=\"\"><span class=\"\">Diamant les bains SAS <\/span><\/b><span class=\"\">.<\/span><\/div>\n<div class=\"\"><\/div>\n<div class=\"\"><span class=\"\">Toute exploitation non autoris\u00e9e du site ou de l\u2019un quelconque des \u00e9l\u00e9ments qu\u2019il contient sera consid\u00e9r\u00e9e comme constitutive d\u2019une contrefa\u00e7on et poursuivie conform\u00e9ment aux dispositions des articles <\/span><a class=\"\" href=\"https:\/\/www.legifrance.gouv.fr\/affichCodeArticle.do?idArticle=LEGIARTI000032655082&amp;cidTexte=LEGITEXT000006069414&amp;dateTexte=20160605\" rel=\"noreferrer noopener\" rev=\"en_rl_none\"><span class=\"\">L.335-2 et suivants du Code de Propri\u00e9t\u00e9 Intellectuelle<\/span><\/a>.<\/div>\n<hr class=\"\">\n<h2 class=\"fusion-responsive-typography-calculated\" data-fontsize=\"14\" style=\"--fontSize: 14; line-height: 1.29; --minFontSize: 14;\" data-lineheight=\"18.06px\"><span class=\"\">3 &#8211; Limitations de responsabilit\u00e9.<\/span><\/h2>\n<div class=\"\"><b class=\"\"><span class=\"\">Diamant les bains SAS <\/span><\/b><span class=\"\">ne pourra \u00eatre tenu pour responsable des dommages directs et indirects caus\u00e9s au mat\u00e9riel de l\u2019utilisateur, lors de l\u2019acc\u00e8s au site <\/span><a class=\"\" href=\"http:\/\/diamant-les-bains.fr\/\" rev=\"en_rl_none\"><span class=\"\">http:\/\/diamant-les-bains.fr\/<\/span><\/a>.<\/div>\n<div><\/div>\n<div class=\"\"><b class=\"\"><span class=\"\">Diamant les bains SAS <\/span><\/b><span class=\"\">d\u00e9cline toute responsabilit\u00e9 quant \u00e0 l\u2019utilisation qui pourrait \u00eatre faite des informations et contenus pr\u00e9sents sur <\/span><a class=\"\" href=\"http:\/\/diamant-les-bains.fr\/\" rev=\"en_rl_none\"><span class=\"\">http:\/\/diamant-les-bains.fr\/<\/span><\/a>.<\/div>\n<div class=\"\"><\/div>\n<div class=\"\"><b class=\"\"><span class=\"\">Diamant les bains SAS <\/span><\/b><span class=\"\">s\u2019engage \u00e0 s\u00e9curiser au mieux le site <\/span><a class=\"\" href=\"http:\/\/diamant-les-bains.fr\/\" rev=\"en_rl_none\"><span class=\"\">http:\/\/diamant-les-bains.fr\/<\/span><\/a>, cependant sa responsabilit\u00e9 ne pourra \u00eatre mise en cause si des donn\u00e9es ind\u00e9sirables sont import\u00e9es et install\u00e9es sur son site \u00e0 son insu.<\/div>\n<div><\/div>\n<div class=\"\"><span class=\"\">Des espaces interactifs (espace contact ou commentaires) sont \u00e0 la disposition des utilisateurs. <\/span><b class=\"\"><span class=\"\">Diamant les bains SAS <\/span><\/b><span class=\"\">se r\u00e9serve le droit de supprimer, sans mise en demeure pr\u00e9alable, tout contenu d\u00e9pos\u00e9 dans cet espace qui contreviendrait \u00e0 la l\u00e9gislation applicable en France, en particulier aux dispositions relatives \u00e0 la protection des donn\u00e9es.<\/span><\/div>\n<div class=\"\"><span class=\"\">Le cas \u00e9ch\u00e9ant, <\/span><b class=\"\"><span class=\"\">Diamant les bains SAS <\/span><\/b><span class=\"\">se r\u00e9serve \u00e9galement la possibilit\u00e9 de mettre en cause la responsabilit\u00e9 civile et\/ou p\u00e9nale de l\u2019utilisateur, notamment en cas de message \u00e0 caract\u00e8re raciste, injurieux, diffamant, ou pornographique, quel que soit le support utilis\u00e9 (texte, photographie \u2026).<\/span><\/div>\n<div class=\"\"><\/div>\n<hr class=\"\">\n<h2 class=\"fusion-responsive-typography-calculated\" data-fontsize=\"14\" style=\"--fontSize: 14; line-height: 1.29; --minFontSize: 14;\" data-lineheight=\"18.06px\"><span class=\"\">4 &#8211; CNIL et gestion des donn\u00e9es personnelles.<\/span><\/h2>\n<div class=\"\"><span class=\"\">Conform\u00e9ment aux dispositions de <\/span><a class=\"\" href=\"https:\/\/www.legifrance.gouv.fr\/affichTexte.do?cidTexte=JORFTEXT000000886460\" rel=\"noreferrer noopener\" rev=\"en_rl_none\"><span class=\"\">la loi 78-17 du 6 janvier 1978 modifi\u00e9e<\/span><\/a>, l\u2019utilisateur du site <a class=\"\" href=\"http:\/\/diamant-les-bains.fr\/\" rev=\"en_rl_none\"><span class=\"\">http:\/\/diamant-les-bains.fr\/<\/span><\/a> dispose d\u2019un droit d\u2019acc\u00e8s, de modification et de suppression des informations collect\u00e9es. Pour exercer ce droit, envoyez un message \u00e0 notre D\u00e9l\u00e9gu\u00e9 \u00e0 la Protection des Donn\u00e9es : <b class=\"\">&#8211; <a href=\"mailto:direction@diamantlesbains.com\">direction@diamantlesbains.com<\/a>.<\/b><\/div>\n<div class=\"\"><span class=\"\">Pour plus d&#8217;informations sur la fa\u00e7on dont nous traitons vos donn\u00e9es (type de donn\u00e9es, finalit\u00e9, destinataire&#8230;), lisez notre <\/span><a class=\"\" href=\"http:\/\/diamant-les-bains.fr\/piolitiquedeconfidentialit%C3%A9\" rev=\"en_rl_none\"><span class=\"\">Politique de Confidentialit\u00e9<\/span><\/a>.<\/div>\n<div class=\"\"><span class=\"\">Il est \u00e9galement possible de <\/span><a class=\"\" href=\"https:\/\/www.cnil.fr\/fr\/plaintes\" rel=\"noreferrer noopener\" rev=\"en_rl_none\"><span class=\"\">d\u00e9poser une r\u00e9clamation aupr\u00e8s de la CNIL<\/span><\/a>.<\/div>\n<div class=\"\"><\/div>\n<hr class=\"\">\n<h2 class=\"fusion-responsive-typography-calculated\" data-fontsize=\"14\" style=\"--fontSize: 14; line-height: 1.29; --minFontSize: 14;\" data-lineheight=\"18.06px\"><span class=\"\">5 &#8211; Liens hypertextes et cookies<\/span><\/h2>\n<div class=\"\"><span class=\"\">Le site <\/span><a class=\"\" href=\"http:\/\/http\/\/diamant-les-bains.fr\/\" rev=\"en_rl_none\"><span class=\"\">http:\/\/diamant-les-bains.fr\/<\/span><\/a> contient des liens hypertextes vers d\u2019autres sites et d\u00e9gage toute responsabilit\u00e9 \u00e0 propos de ces liens externes ou des liens cr\u00e9\u00e9s par d\u2019autres sites vers <a class=\"\" href=\"http:\/\/http\/\/diamant-les-bains.fr\/\" rev=\"en_rl_none\"><span class=\"\">http:\/\/diamant-les-bains.fr\/<\/span><\/a>.<\/div>\n<div class=\"\"><span class=\"\">La navigation sur le site <\/span><a class=\"\" href=\"http:\/\/diamant-les-bains.fr\/\" rev=\"en_rl_none\"><span class=\"\">http:\/\/diamant-les-bains.fr\/<\/span><\/a> est susceptible de provoquer l\u2019installation de cookie(s) sur l\u2019ordinateur de l\u2019utilisateur.<\/div>\n<div class=\"\"><span class=\"\">Un &#8220;cookie&#8221; est un fichier de petite taille qui enregistre des informations relatives \u00e0 la navigation d\u2019un utilisateur sur un site. Les donn\u00e9es ainsi obtenues permettent d&#8217;obtenir des mesures de fr\u00e9quentation, par exemple.<\/span><\/div>\n<div class=\"\"><\/div>\n<div class=\"\"><span class=\"\">Vous avez la possibilit\u00e9 <\/span><b class=\"\"><span class=\"\">d\u2019accepter ou de refuser les cookies<\/span><\/b><span class=\"\"> en modifiant les param\u00e8tres de votre navigateur. Aucun cookie ne sera d\u00e9pos\u00e9 sans votre consentement.<\/span><\/div>\n<div class=\"\"><\/div>\n<div class=\"\"><span class=\"\">Les cookies sont enregistr\u00e9s pour une dur\u00e9e maximale de 12 mois.<\/span><\/div>\n<div class=\"\"><\/div>\n<div class=\"\"><span class=\"\">Pour plus d&#8217;informations sur la fa\u00e7on dont nous faisons usage des cookies, lisez notre <\/span><a class=\"\" href=\"http:\/\/diamant-les-bains.fr\/piolitiquedeconfidentialit%C3%A9\" rev=\"en_rl_none\"><span class=\"\">Politique de Confidentialit\u00e9<\/span><\/a>.<\/div>\n<div class=\"\"><\/div>\n<hr class=\"\">\n<h2 class=\"fusion-responsive-typography-calculated\" data-fontsize=\"14\" style=\"--fontSize: 14; line-height: 1.29; --minFontSize: 14;\" data-lineheight=\"18.06px\"><span class=\"\">6 &#8211; Droit applicable et attribution de juridiction.<\/span><\/h2>\n<div class=\"\"><span class=\"\">Tout litige en relation avec l\u2019utilisation du site <\/span><a class=\"\" href=\"http:\/\/diamant-les-bains.fr\/\" rev=\"en_rl_none\"><span class=\"\">http:\/\/diamant-les-bains.fr\/<\/span><\/a> est soumis au droit fran\u00e7ais. En dehors des cas o\u00f9 la loi ne le permet pas, il est fait attribution exclusive de juridiction aux tribunaux comp\u00e9tents de <b class=\"\">Fort de France<\/b>.<\/div>\n<\/div><\/div><\/div><\/div><\/div>\n","protected":false},"excerpt":{"rendered":"","protected":false},"author":2,"featured_media":0,"parent":0,"menu_order":0,"comment_status":"closed","ping_status":"closed","template":"100-width.php","meta":{"_acf_changed":false,"inline_featured_image":false,"footnotes":""},"class_list":["post-15616","page","type-page","status-publish","hentry"],"acf":[],"yoast_head":"<!-- This site is optimized with the Yoast SEO plugin v27.3 - https:\/\/yoast.com\/product\/yoast-seo-wordpress\/ -->\n<title>Mentions l\u00e9gales - Diamant les Bains<\/title>\n<meta name=\"robots\" content=\"index, follow, max-snippet:-1, max-image-preview:large, max-video-preview:-1\" \/>\n<link rel=\"canonical\" href=\"https:\/\/diamant-les-bains.fr\/en\/mentions-legales\/\" \/>\n<meta property=\"og:locale\" content=\"en_US\" \/>\n<meta property=\"og:type\" content=\"article\" \/>\n<meta property=\"og:title\" content=\"Mentions l\u00e9gales - Diamant les Bains\" \/>\n<meta property=\"og:url\" content=\"https:\/\/diamant-les-bains.fr\/en\/mentions-legales\/\" \/>\n<meta property=\"og:site_name\" content=\"Diamant les Bains\" \/>\n<meta property=\"article:modified_time\" content=\"2025-02-04T20:31:43+00:00\" \/>\n<meta name=\"twitter:card\" content=\"summary_large_image\" \/>\n<meta name=\"twitter:label1\" content=\"Est. reading time\" \/>\n\t<meta name=\"twitter:data1\" content=\"5 minutes\" \/>\n<script type=\"application\/ld+json\" class=\"yoast-schema-graph\">{\"@context\":\"https:\\\/\\\/schema.org\",\"@graph\":[{\"@type\":\"WebPage\",\"@id\":\"https:\\\/\\\/diamant-les-bains.fr\\\/en\\\/mentions-legales\\\/\",\"url\":\"https:\\\/\\\/diamant-les-bains.fr\\\/en\\\/mentions-legales\\\/\",\"name\":\"Mentions l\u00e9gales - Diamant les Bains\",\"isPartOf\":{\"@id\":\"https:\\\/\\\/diamant-les-bains.fr\\\/en\\\/#website\"},\"datePublished\":\"2017-03-21T16:00:48+00:00\",\"dateModified\":\"2025-02-04T20:31:43+00:00\",\"breadcrumb\":{\"@id\":\"https:\\\/\\\/diamant-les-bains.fr\\\/en\\\/mentions-legales\\\/#breadcrumb\"},\"inLanguage\":\"en-US\",\"potentialAction\":[{\"@type\":\"ReadAction\",\"target\":[\"https:\\\/\\\/diamant-les-bains.fr\\\/en\\\/mentions-legales\\\/\"]}]},{\"@type\":\"BreadcrumbList\",\"@id\":\"https:\\\/\\\/diamant-les-bains.fr\\\/en\\\/mentions-legales\\\/#breadcrumb\",\"itemListElement\":[{\"@type\":\"ListItem\",\"position\":1,\"name\":\"Accueil\",\"item\":\"https:\\\/\\\/diamant-les-bains.fr\\\/en\\\/\"},{\"@type\":\"ListItem\",\"position\":2,\"name\":\"Mentions l\u00e9gales\"}]},{\"@type\":\"WebSite\",\"@id\":\"https:\\\/\\\/diamant-les-bains.fr\\\/en\\\/#website\",\"url\":\"https:\\\/\\\/diamant-les-bains.fr\\\/en\\\/\",\"name\":\"Diamant les Bains\",\"description\":\"\",\"potentialAction\":[{\"@type\":\"SearchAction\",\"target\":{\"@type\":\"EntryPoint\",\"urlTemplate\":\"https:\\\/\\\/diamant-les-bains.fr\\\/en\\\/?s={search_term_string}\"},\"query-input\":{\"@type\":\"PropertyValueSpecification\",\"valueRequired\":true,\"valueName\":\"search_term_string\"}}],\"inLanguage\":\"en-US\"}]}<\/script>\n<!-- \/ Yoast SEO plugin. -->","yoast_head_json":{"title":"Mentions l\u00e9gales - Diamant les Bains","robots":{"index":"index","follow":"follow","max-snippet":"max-snippet:-1","max-image-preview":"max-image-preview:large","max-video-preview":"max-video-preview:-1"},"canonical":"https:\/\/diamant-les-bains.fr\/en\/mentions-legales\/","og_locale":"en_US","og_type":"article","og_title":"Mentions l\u00e9gales - Diamant les Bains","og_url":"https:\/\/diamant-les-bains.fr\/en\/mentions-legales\/","og_site_name":"Diamant les Bains","article_modified_time":"2025-02-04T20:31:43+00:00","twitter_card":"summary_large_image","twitter_misc":{"Est. reading time":"5 minutes"},"schema":{"@context":"https:\/\/schema.org","@graph":[{"@type":"WebPage","@id":"https:\/\/diamant-les-bains.fr\/en\/mentions-legales\/","url":"https:\/\/diamant-les-bains.fr\/en\/mentions-legales\/","name":"Mentions l\u00e9gales - Diamant les Bains","isPartOf":{"@id":"https:\/\/diamant-les-bains.fr\/en\/#website"},"datePublished":"2017-03-21T16:00:48+00:00","dateModified":"2025-02-04T20:31:43+00:00","breadcrumb":{"@id":"https:\/\/diamant-les-bains.fr\/en\/mentions-legales\/#breadcrumb"},"inLanguage":"en-US","potentialAction":[{"@type":"ReadAction","target":["https:\/\/diamant-les-bains.fr\/en\/mentions-legales\/"]}]},{"@type":"BreadcrumbList","@id":"https:\/\/diamant-les-bains.fr\/en\/mentions-legales\/#breadcrumb","itemListElement":[{"@type":"ListItem","position":1,"name":"Accueil","item":"https:\/\/diamant-les-bains.fr\/en\/"},{"@type":"ListItem","position":2,"name":"Mentions l\u00e9gales"}]},{"@type":"WebSite","@id":"https:\/\/diamant-les-bains.fr\/en\/#website","url":"https:\/\/diamant-les-bains.fr\/en\/","name":"Diamant les Bains","description":"","potentialAction":[{"@type":"SearchAction","target":{"@type":"EntryPoint","urlTemplate":"https:\/\/diamant-les-bains.fr\/en\/?s={search_term_string}"},"query-input":{"@type":"PropertyValueSpecification","valueRequired":true,"valueName":"search_term_string"}}],"inLanguage":"en-US"}]}},"_links":{"self":[{"href":"https:\/\/diamant-les-bains.fr\/en\/wp-json\/wp\/v2\/pages\/15616","targetHints":{"allow":["GET"]}}],"collection":[{"href":"https:\/\/diamant-les-bains.fr\/en\/wp-json\/wp\/v2\/pages"}],"about":[{"href":"https:\/\/diamant-les-bains.fr\/en\/wp-json\/wp\/v2\/types\/page"}],"author":[{"embeddable":true,"href":"https:\/\/diamant-les-bains.fr\/en\/wp-json\/wp\/v2\/users\/2"}],"replies":[{"embeddable":true,"href":"https:\/\/diamant-les-bains.fr\/en\/wp-json\/wp\/v2\/comments?post=15616"}],"version-history":[{"count":6,"href":"https:\/\/diamant-les-bains.fr\/en\/wp-json\/wp\/v2\/pages\/15616\/revisions"}],"predecessor-version":[{"id":16384,"href":"https:\/\/diamant-les-bains.fr\/en\/wp-json\/wp\/v2\/pages\/15616\/revisions\/16384"}],"wp:attachment":[{"href":"https:\/\/diamant-les-bains.fr\/en\/wp-json\/wp\/v2\/media?parent=15616"}],"curies":[{"name":"wp","href":"https:\/\/api.w.org\/{rel}","templated":true}]}}